{"id":51,"date":"2020-04-08T23:24:23","date_gmt":"2020-04-08T21:24:23","guid":{"rendered":"https:\/\/chatroulette.to\/?page_id=51"},"modified":"2021-08-02T11:11:09","modified_gmt":"2021-08-02T09:11:09","slug":"rules","status":"publish","type":"page","link":"https:\/\/chatroulette.to\/es_mx\/normas\/","title":{"rendered":"Reglas"},"content":{"rendered":"<div data-elementor-type=\"wp-page\" data-elementor-id=\"51\" class=\"elementor elementor-51\" data-elementor-post-type=\"page\">\n\t\t\t\t\t\t<section class=\"elementor-section elementor-top-section elementor-element elementor-element-aa602b1 elementor-section-boxed elementor-section-height-default elementor-section-height-default\" data-id=\"aa602b1\" data-element_type=\"section\" data-e-type=\"section\">\n\t\t\t\t\t\t<div class=\"elementor-container elementor-column-gap-default\">\n\t\t\t\t\t<div class=\"elementor-column elementor-col-100 elementor-top-column elementor-element elementor-element-deb4e48\" data-id=\"deb4e48\" data-element_type=\"column\" data-e-type=\"column\">\n\t\t\t<div class=\"elementor-widget-wrap elementor-element-populated\">\n\t\t\t\t\t\t<div class=\"elementor-element elementor-element-88330ff elementor-widget elementor-widget-heading\" data-id=\"88330ff\" data-element_type=\"widget\" data-e-type=\"widget\" data-widget_type=\"heading.default\">\n\t\t\t\t<div class=\"elementor-widget-container\">\n\t\t\t\t\t<h1 class=\"elementor-heading-title elementor-size-default\">Reglas<\/h1>\t\t\t\t<\/div>\n\t\t\t\t<\/div>\n\t\t\t\t\t<\/div>\n\t\t<\/div>\n\t\t\t\t\t<\/div>\n\t\t<\/section>\n\t\t\t\t<section class=\"elementor-section elementor-top-section elementor-element elementor-element-e61e2e0 elementor-section-boxed elementor-section-height-default elementor-section-height-default\" data-id=\"e61e2e0\" data-element_type=\"section\" data-e-type=\"section\">\n\t\t\t\t\t\t<div class=\"elementor-container elementor-column-gap-default\">\n\t\t\t\t\t<div class=\"elementor-column elementor-col-100 elementor-top-column elementor-element elementor-element-edbd578\" data-id=\"edbd578\" data-element_type=\"column\" data-e-type=\"column\">\n\t\t\t<div class=\"elementor-widget-wrap elementor-element-populated\">\n\t\t\t\t\t\t<div class=\"elementor-element elementor-element-59fb3ca elementor-widget elementor-widget-text-editor\" data-id=\"59fb3ca\" data-element_type=\"widget\" data-e-type=\"widget\" data-widget_type=\"text-editor.default\">\n\t\t\t\t<div class=\"elementor-widget-container\">\n\t\t\t\t\t\t\t\t\t<p>Nuestro videochat aleatorio Chatroulette es el lugar donde puedes hablar con tus interlocutores de chat aleatorios de forma gratuita y sin registro. Nuestro objetivo es llegar a ser uno de los mejores servicios similares a Omegle, donde se puede pasar el tiempo con la diversi\u00f3n y el placer. Por lo tanto, el respeto de las normas y reglamentos de nuestro video chat por todos sus usuarios es realmente importante.<\/p><p>1. Aqu\u00ed, en Chatroulette, al igual que en Chatroulette, todas esas actividades irrespetuosas est\u00e1n prohibidas:<\/p><p>difundir vulgaridad o sexualidad o comentarios inadecuados\/depresivos;<\/p><p>degradar a otros por motivos de religi\u00f3n, raza, orientaci\u00f3n sexual y edad en el chat;<\/p><p>acosar o faltar al respeto a los dem\u00e1s.<\/p><p>2. El comportamiento ofensivo est\u00e1 restringido en el chat Chatroulette:<\/p><p>prohibido mostrar el pecho desnudo sin rostro;<\/p><p>hacer videoconferencias de desnudos o representarse en ropa interior;<\/p><p>pedir o forzar sexo virtual;<\/p><p>mostrando las partes internas de tu cuerpo durante el chat cam;<\/p><p>jadeando tus \u00f3rganos genitales;<\/p><p>Apunta la c\u00e1mara por debajo del pecho (intenta mantener la cara en el encuadre de la c\u00e1mara);<\/p><p>actividades interpretadas.<\/p><p>3. Mostrar im\u00e1genes irrelevantes u ocultar tu cara en el videochat:<\/p><p>dirigiendo la webcam hacia un mensaje de texto;<\/p><p>dirigir la webcam hacia alguna imagen;<\/p><p>dirigiendo la webcam hacia la pantalla de tu PC;<\/p><p>Molestar a los usuarios de chat Chatroulette con la ayuda de emulador de webcam.<\/p><p>4. No se permiten los siguientes tipos de actividades de spam:<\/p><p>demostrando cualquier anuncio de v\u00eddeo\/imagen\/texto;<\/p><p>colocar cualquier URL de anuncio durante el chat de texto;<\/p><p>enviar mensajes de texto masivos;<\/p><p>No est\u00e1 permitido pedir a otros usuarios de Chatroulette que visiten una URL, que voten algo o cualquier otro truco de autopromoci\u00f3n o promoci\u00f3n de productos.<\/p><p>5. 5. Procedimiento de reclamaci\u00f3n<\/p><p>En la alternativa de chat de Chatroulette, puedes presentar una queja contra cualquier otro usuario que creas que est\u00e1 infringiendo nuestras normas. Con tu queja, intenta enviar tambi\u00e9n una captura de pantalla para una acci\u00f3n m\u00e1s f\u00e1cil y r\u00e1pida. Tomaremos medidas r\u00e1pidas contra estos usuarios.<\/p><p>En caso de que haya muchas quejas registradas contra alguno de los usuarios, el sistema de nuestro sitio web prohibir\u00e1 autom\u00e1ticamente que dicho usuario siga accediendo a nuestro sitio alternativo de chat Chatroulette. Antes de prohibir tomamos muchos hechos en cuenta para que no haya ning\u00fan tipo de malentendido.<\/p><p>En servicios como el chat de Chatroulette, el control de la violaci\u00f3n de las normas, el spam y las actividades vulgares no es responsabilidad exclusiva de los moderadores del sitio web. Te pedimos tu cooperaci\u00f3n como usuario tambi\u00e9n. Sin el apoyo de los usuarios, no es posible para nosotros eliminar a todos los infractores de nuestra alternativa de chat Chatroulette. Y con tu favor, te prometemos hacer este servicio de chat cam to cam gratuito m\u00e1s divertido y entretenido.<\/p>\t\t\t\t\t\t\t\t<\/div>\n\t\t\t\t<\/div>\n\t\t\t\t\t<\/div>\n\t\t<\/div>\n\t\t\t\t\t<\/div>\n\t\t<\/section>\n\t\t\t\t<section class=\"elementor-section elementor-top-section elementor-element elementor-element-33197e8e elementor-section-boxed elementor-section-height-default elementor-section-height-default\" data-id=\"33197e8e\" data-element_type=\"section\" data-e-type=\"section\" data-settings=\"{&quot;background_background&quot;:&quot;classic&quot;}\">\n\t\t\t\t\t\t<div class=\"elementor-container elementor-column-gap-default\">\n\t\t\t\t\t<div class=\"elementor-column elementor-col-100 elementor-top-column elementor-element elementor-element-373709a9\" data-id=\"373709a9\" data-element_type=\"column\" data-e-type=\"column\">\n\t\t\t<div class=\"elementor-widget-wrap elementor-element-populated\">\n\t\t\t\t\t\t<div class=\"elementor-element elementor-element-29c7b508 elementor-widget elementor-widget-heading\" data-id=\"29c7b508\" data-element_type=\"widget\" data-e-type=\"widget\" data-widget_type=\"heading.default\">\n\t\t\t\t<div class=\"elementor-widget-container\">\n\t\t\t\t\t<h3 class=\"elementor-heading-title elementor-size-default\">Comparte bazoocam con tus amigos<\/h3>\t\t\t\t<\/div>\n\t\t\t\t<\/div>\n\t\t\t\t<div class=\"elementor-element elementor-element-a1ec4e elementor-grid-3 elementor-grid-mobile-1 elementor-share-buttons--view-icon-text elementor-share-buttons--skin-gradient elementor-share-buttons--shape-square elementor-share-buttons--color-official elementor-widget elementor-widget-share-buttons\" data-id=\"a1ec4e\" data-element_type=\"widget\" data-e-type=\"widget\" data-widget_type=\"share-buttons.default\">\n\t\t\t\t<div class=\"elementor-widget-container\">\n\t\t\t\t\t\t\t<div class=\"elementor-grid\" role=\"list\">\n\t\t\t\t\t\t\t\t<div class=\"elementor-grid-item\" role=\"listitem\">\n\t\t\t\t\t\t<div class=\"elementor-share-btn elementor-share-btn_facebook\" role=\"button\" tabindex=\"0\" aria-label=\"Compartir en facebook\" data-no-translation-aria-label=\"\">\n\t\t\t\t\t\t\t\t\t\t\t\t\t\t\t<span class=\"elementor-share-btn__icon\">\n\t\t\t\t\t\t\t\t<i class=\"fab fa-facebook\" aria-hidden=\"true\"><\/i>\t\t\t\t\t\t\t<\/span>\n\t\t\t\t\t\t\t\t\t\t\t\t\t\t\t\t\t\t\t\t\t\t<div class=\"elementor-share-btn__text\">\n\t\t\t\t\t\t\t\t\t\t\t\t\t\t\t\t\t\t\t<span class=\"elementor-share-btn__title\">\n\t\t\t\t\t\t\t\t\t\tFacebook\t\t\t\t\t\t\t\t\t<\/span>\n\t\t\t\t\t\t\t\t\t\t\t\t\t\t\t\t\t<\/div>\n\t\t\t\t\t\t\t\t\t\t\t\t\t<\/div>\n\t\t\t\t\t<\/div>\n\t\t\t\t\t\t\t\t\t<div class=\"elementor-grid-item\" role=\"listitem\">\n\t\t\t\t\t\t<div class=\"elementor-share-btn elementor-share-btn_twitter\" role=\"button\" tabindex=\"0\" aria-label=\"Compartir en twitter\" data-no-translation-aria-label=\"\">\n\t\t\t\t\t\t\t\t\t\t\t\t\t\t\t<span class=\"elementor-share-btn__icon\">\n\t\t\t\t\t\t\t\t<i class=\"fab fa-twitter\" aria-hidden=\"true\"><\/i>\t\t\t\t\t\t\t<\/span>\n\t\t\t\t\t\t\t\t\t\t\t\t\t\t\t\t\t\t\t\t\t\t<div class=\"elementor-share-btn__text\">\n\t\t\t\t\t\t\t\t\t\t\t\t\t\t\t\t\t\t\t<span class=\"elementor-share-btn__title\">\n\t\t\t\t\t\t\t\t\t\tTwitter\t\t\t\t\t\t\t\t\t<\/span>\n\t\t\t\t\t\t\t\t\t\t\t\t\t\t\t\t\t<\/div>\n\t\t\t\t\t\t\t\t\t\t\t\t\t<\/div>\n\t\t\t\t\t<\/div>\n\t\t\t\t\t\t\t\t\t<div class=\"elementor-grid-item\" role=\"listitem\">\n\t\t\t\t\t\t<div class=\"elementor-share-btn elementor-share-btn_whatsapp\" role=\"button\" tabindex=\"0\" aria-label=\"Compartir en whatsapp\" data-no-translation-aria-label=\"\">\n\t\t\t\t\t\t\t\t\t\t\t\t\t\t\t<span class=\"elementor-share-btn__icon\">\n\t\t\t\t\t\t\t\t<i class=\"fab fa-whatsapp\" aria-hidden=\"true\"><\/i>\t\t\t\t\t\t\t<\/span>\n\t\t\t\t\t\t\t\t\t\t\t\t\t\t\t\t\t\t\t\t\t\t<div class=\"elementor-share-btn__text\">\n\t\t\t\t\t\t\t\t\t\t\t\t\t\t\t\t\t\t\t<span class=\"elementor-share-btn__title\">\n\t\t\t\t\t\t\t\t\t\tWhatsApp\t\t\t\t\t\t\t\t\t<\/span>\n\t\t\t\t\t\t\t\t\t\t\t\t\t\t\t\t\t<\/div>\n\t\t\t\t\t\t\t\t\t\t\t\t\t<\/div>\n\t\t\t\t\t<\/div>\n\t\t\t\t\t\t<\/div>\n\t\t\t\t\t\t<\/div>\n\t\t\t\t<\/div>\n\t\t\t\t\t<\/div>\n\t\t<\/div>\n\t\t\t\t\t<\/div>\n\t\t<\/section>\n\t\t\t\t<\/div>","protected":false},"excerpt":{"rendered":"<p>Rules Our Chatroulette random video chat is the place where you can talk to your random chat interlocutors for free and without registration. Our goal is to become one of the best services similar to Omegle, where you can spend time with fun and pleasure. So, respecting rules and regulations of our video chat by [&hellip;]<\/p>\n","protected":false},"author":1,"featured_media":0,"parent":0,"menu_order":0,"comment_status":"closed","ping_status":"closed","template":"elementor_header_footer","meta":{"footnotes":""},"class_list":["post-51","page","type-page","status-publish","hentry"],"yoast_head":"<!-- This site is optimized with the Yoast SEO plugin v25.6 - https:\/\/yoast.com\/wordpress\/plugins\/seo\/ -->\n<title>Rules - Chatroulette<\/title>\n<meta name=\"robots\" content=\"index, follow, max-snippet:-1, max-image-preview:large, max-video-preview:-1\" \/>\n<link rel=\"canonical\" href=\"https:\/\/chatroulette.to\/es_mx\/rules\/\" \/>\n<meta property=\"og:locale\" content=\"es_MX\" \/>\n<meta property=\"og:type\" content=\"article\" \/>\n<meta property=\"og:title\" content=\"Rules - Chatroulette\" \/>\n<meta property=\"og:description\" content=\"Rules Our Chatroulette random video chat is the place where you can talk to your random chat interlocutors for free and without registration. Our goal is to become one of the best services similar to Omegle, where you can spend time with fun and pleasure. So, respecting rules and regulations of our video chat by [&hellip;]\" \/>\n<meta property=\"og:url\" content=\"https:\/\/chatroulette.to\/es_mx\/rules\/\" \/>\n<meta property=\"og:site_name\" content=\"Chatroulette\" \/>\n<meta property=\"article:modified_time\" content=\"2021-08-02T09:11:09+00:00\" \/>\n<meta name=\"twitter:card\" content=\"summary_large_image\" \/>\n<meta name=\"twitter:label1\" content=\"Tiempo de lectura\" \/>\n\t<meta name=\"twitter:data1\" content=\"2 minutos\" \/>\n<script type=\"application\/ld+json\" class=\"yoast-schema-graph\">{\"@context\":\"https:\/\/schema.org\",\"@graph\":[{\"@type\":\"WebPage\",\"@id\":\"https:\/\/chatroulette.to\/rules\/\",\"url\":\"https:\/\/chatroulette.to\/rules\/\",\"name\":\"Rules - Chatroulette\",\"isPartOf\":{\"@id\":\"https:\/\/chatroulette.to\/#website\"},\"datePublished\":\"2020-04-08T21:24:23+00:00\",\"dateModified\":\"2021-08-02T09:11:09+00:00\",\"breadcrumb\":{\"@id\":\"https:\/\/chatroulette.to\/rules\/#breadcrumb\"},\"inLanguage\":\"es\",\"potentialAction\":[{\"@type\":\"ReadAction\",\"target\":[\"https:\/\/chatroulette.to\/rules\/\"]}]},{\"@type\":\"BreadcrumbList\",\"@id\":\"https:\/\/chatroulette.to\/rules\/#breadcrumb\",\"itemListElement\":[{\"@type\":\"ListItem\",\"position\":1,\"name\":\"Home\",\"item\":\"https:\/\/chatroulette.to\/\"},{\"@type\":\"ListItem\",\"position\":2,\"name\":\"Rules\"}]},{\"@type\":\"WebSite\",\"@id\":\"https:\/\/chatroulette.to\/#website\",\"url\":\"https:\/\/chatroulette.to\/\",\"name\":\"Chatroulette\",\"description\":\"Random Video Chat Chatroulette Alternative\",\"publisher\":{\"@id\":\"https:\/\/chatroulette.to\/#organization\"},\"potentialAction\":[{\"@type\":\"SearchAction\",\"target\":{\"@type\":\"EntryPoint\",\"urlTemplate\":\"https:\/\/chatroulette.to\/?s={search_term_string}\"},\"query-input\":{\"@type\":\"PropertyValueSpecification\",\"valueRequired\":true,\"valueName\":\"search_term_string\"}}],\"inLanguage\":\"es\"},{\"@type\":\"Organization\",\"@id\":\"https:\/\/chatroulette.to\/#organization\",\"name\":\"Chatroulette\",\"url\":\"https:\/\/chatroulette.to\/\",\"logo\":{\"@type\":\"ImageObject\",\"inLanguage\":\"es\",\"@id\":\"https:\/\/chatroulette.to\/#\/schema\/logo\/image\/\",\"url\":\"https:\/\/chatroulette.to\/wp-content\/uploads\/2021\/01\/bazoocam2.png\",\"contentUrl\":\"https:\/\/chatroulette.to\/wp-content\/uploads\/2021\/01\/bazoocam2.png\",\"width\":649,\"height\":64,\"caption\":\"Chatroulette\"},\"image\":{\"@id\":\"https:\/\/chatroulette.to\/#\/schema\/logo\/image\/\"}}]}<\/script>\n<!-- \/ Yoast SEO plugin. -->","yoast_head_json":{"title":"Normas - Chatroulette","robots":{"index":"index","follow":"follow","max-snippet":"max-snippet:-1","max-image-preview":"max-image-preview:large","max-video-preview":"max-video-preview:-1"},"canonical":"https:\/\/chatroulette.to\/es_mx\/rules\/","og_locale":"es_MX","og_type":"article","og_title":"Rules - Chatroulette","og_description":"Rules Our Chatroulette random video chat is the place where you can talk to your random chat interlocutors for free and without registration. Our goal is to become one of the best services similar to Omegle, where you can spend time with fun and pleasure. So, respecting rules and regulations of our video chat by [&hellip;]","og_url":"https:\/\/chatroulette.to\/es_mx\/rules\/","og_site_name":"Chatroulette","article_modified_time":"2021-08-02T09:11:09+00:00","twitter_card":"summary_large_image","twitter_misc":{"Tiempo de lectura":"2 minutos"},"schema":{"@context":"https:\/\/schema.org","@graph":[{"@type":"WebPage","@id":"https:\/\/chatroulette.to\/rules\/","url":"https:\/\/chatroulette.to\/rules\/","name":"Normas - Chatroulette","isPartOf":{"@id":"https:\/\/chatroulette.to\/#website"},"datePublished":"2020-04-08T21:24:23+00:00","dateModified":"2021-08-02T09:11:09+00:00","breadcrumb":{"@id":"https:\/\/chatroulette.to\/rules\/#breadcrumb"},"inLanguage":"es","potentialAction":[{"@type":"ReadAction","target":["https:\/\/chatroulette.to\/rules\/"]}]},{"@type":"BreadcrumbList","@id":"https:\/\/chatroulette.to\/rules\/#breadcrumb","itemListElement":[{"@type":"ListItem","position":1,"name":"Home","item":"https:\/\/chatroulette.to\/"},{"@type":"ListItem","position":2,"name":"Rules"}]},{"@type":"WebSite","@id":"https:\/\/chatroulette.to\/#website","url":"https:\/\/chatroulette.to\/","name":"Chatroulette","description":"Video Chat Aleatorio Chatroulette Alternativa","publisher":{"@id":"https:\/\/chatroulette.to\/#organization"},"potentialAction":[{"@type":"SearchAction","target":{"@type":"EntryPoint","urlTemplate":"https:\/\/chatroulette.to\/?s={search_term_string}"},"query-input":{"@type":"PropertyValueSpecification","valueRequired":true,"valueName":"search_term_string"}}],"inLanguage":"es"},{"@type":"Organization","@id":"https:\/\/chatroulette.to\/#organization","name":"Chatroulette","url":"https:\/\/chatroulette.to\/","logo":{"@type":"ImageObject","inLanguage":"es","@id":"https:\/\/chatroulette.to\/#\/schema\/logo\/image\/","url":"https:\/\/chatroulette.to\/wp-content\/uploads\/2021\/01\/bazoocam2.png","contentUrl":"https:\/\/chatroulette.to\/wp-content\/uploads\/2021\/01\/bazoocam2.png","width":649,"height":64,"caption":"Chatroulette"},"image":{"@id":"https:\/\/chatroulette.to\/#\/schema\/logo\/image\/"}}]}},"_links":{"self":[{"href":"https:\/\/chatroulette.to\/es_mx\/wp-json\/wp\/v2\/pages\/51"}],"collection":[{"href":"https:\/\/chatroulette.to\/es_mx\/wp-json\/wp\/v2\/pages"}],"about":[{"href":"https:\/\/chatroulette.to\/es_mx\/wp-json\/wp\/v2\/types\/page"}],"author":[{"embeddable":true,"href":"https:\/\/chatroulette.to\/es_mx\/wp-json\/wp\/v2\/users\/1"}],"replies":[{"embeddable":true,"href":"https:\/\/chatroulette.to\/es_mx\/wp-json\/wp\/v2\/comments?post=51"}],"version-history":[{"count":29,"href":"https:\/\/chatroulette.to\/es_mx\/wp-json\/wp\/v2\/pages\/51\/revisions"}],"predecessor-version":[{"id":1648,"href":"https:\/\/chatroulette.to\/es_mx\/wp-json\/wp\/v2\/pages\/51\/revisions\/1648"}],"wp:attachment":[{"href":"https:\/\/chatroulette.to\/es_mx\/wp-json\/wp\/v2\/media?parent=51"}],"curies":[{"name":"wp","href":"https:\/\/api.w.org\/{rel}","templated":true}]}}